{"id":19489,"date":"2015-07-14T01:31:44","date_gmt":"2015-07-14T01:31:44","guid":{"rendered":"http:\/\/duretetlandry.com\/wishlist"},"modified":"2024-03-13T23:58:57","modified_gmt":"2024-03-13T23:58:57","slug":"politique-de-confidentialite","status":"publish","type":"page","link":"https:\/\/duretetlandry.ca\/fr\/politique-de-confidentialite\/","title":{"rendered":"Politique de confidentialit\u00e9"},"content":{"rendered":"<h2 class=\"wp-block-heading\"><strong>Politique de Confidentialit\u00e9 de DURET ET LANDRY CORGHI CANADA<\/strong><\/h2>\n<p><strong>Date d\u2019entr\u00e9e en vigueur : 2023<\/strong><\/p>\n<ol>\n<li><strong>Introduction<\/strong><br \/>\nBienvenue sur le site de DURET ET LANDRY CORGHI CANADA. Nous respectons votre vie priv\u00e9e et nous engageons \u00e0 prot\u00e9ger vos renseignements personnels. Cette politique de confidentialit\u00e9 explique comment nous traitons les informations collect\u00e9es lors de votre visite sur notre site.<\/li>\n<li><strong>Collecte et Utilisation des Informations<\/strong><br \/>\nDURET ET LANDRY CORGHI CANADA op\u00e8re un site vitrine et ne collecte pas activement de donn\u00e9es personnelles de ses visiteurs. Les seules informations susceptibles d\u2019\u00eatre collect\u00e9es sont des donn\u00e9es anonymes et non personnelles \u00e0 des fins statistiques et de fonctionnement du site.<\/li>\n<li><strong>Cookies et Technologies Similaires<\/strong><br \/>\nNous utilisons des cookies pour garantir le bon fonctionnement de notre site et am\u00e9liorer l\u2019exp\u00e9rience utilisateur. Ces cookies ne collectent pas d\u2019informations personnelles. Pour plus d\u2019informations sur notre utilisation des cookies, veuillez vous r\u00e9f\u00e9rer \u00e0 notre [Politique de Cookies].<\/li>\n<li><strong>Partage et Divulgation des Informations<\/strong><br \/>\n\u00c9tant donn\u00e9 que nous ne collectons pas de donn\u00e9es personnelles, il n\u2019y a pas de partage ou de divulgation de telles informations \u00e0 des tiers.<\/li>\n<li><strong>S\u00e9curit\u00e9 des Donn\u00e9es<\/strong><br \/>\nNous prenons des mesures appropri\u00e9es pour prot\u00e9ger le site et nos syst\u00e8mes contre l\u2019acc\u00e8s non autoris\u00e9, la divulgation, la modification ou la destruction non autoris\u00e9e des donn\u00e9es que nous pourrions collecter.<\/li>\n<li><strong>Vos Droits<\/strong><br \/>\nConform\u00e9ment \u00e0 la LPRPDE, les visiteurs de notre site disposent de droits sp\u00e9cifiques concernant leurs renseignements personnels. Cependant, \u00e9tant donn\u00e9 que nous ne collectons pas de donn\u00e9es personnelles, ces droits ne sont pas applicables dans le contexte de notre site.<\/li>\n<li><strong>Modifications de la Politique de Confidentialit\u00e9<\/strong><br \/>\nNous nous r\u00e9servons le droit de modifier cette politique de confidentialit\u00e9 \u00e0 tout moment. Toutes les modifications seront publi\u00e9es sur cette page.<\/li>\n<li><strong>Contact<\/strong><br \/>\nPour toute question ou pr\u00e9occupation concernant cette politique de confidentialit\u00e9, veuillez nous contacter \u00e0 \u00c9ric Landry \u00e0 elandry@duretetlandry.com.<\/li>\n<\/ol>\n","protected":false},"excerpt":{"rendered":"<p>&#8230;<\/p>\n","protected":false},"author":4,"featured_media":0,"parent":0,"menu_order":0,"comment_status":"closed","ping_status":"open","template":"","meta":{"inline_featured_image":false,"_monsterinsights_skip_tracking":false,"_monsterinsights_sitenote_active":false,"_monsterinsights_sitenote_note":"","_monsterinsights_sitenote_category":0,"footnotes":""},"class_list":["post-19489","page","type-page","status-publish","hentry"],"yoast_head":"<!-- This site is optimized with the Yoast SEO plugin v24.4 - https:\/\/yoast.com\/wordpress\/plugins\/seo\/ -->\n<title>Politique de confidentialit\u00e9 - Duret et Landry | Corghi Canada<\/title>\n<meta name=\"robots\" content=\"index, follow, max-snippet:-1, max-image-preview:large, max-video-preview:-1\" \/>\n<link rel=\"canonical\" href=\"https:\/\/duretetlandry.ca\/fr\/politique-de-confidentialite\/\" \/>\n<meta property=\"og:locale\" content=\"fr_FR\" \/>\n<meta property=\"og:type\" content=\"article\" \/>\n<meta property=\"og:title\" content=\"Politique de confidentialit\u00e9 - Duret et Landry | Corghi Canada\" \/>\n<meta property=\"og:description\" content=\"...\" \/>\n<meta property=\"og:url\" content=\"https:\/\/duretetlandry.ca\/fr\/politique-de-confidentialite\/\" \/>\n<meta property=\"og:site_name\" content=\"Duret et Landry | Corghi Canada\" \/>\n<meta property=\"article:modified_time\" content=\"2024-03-13T23:58:57+00:00\" \/>\n<meta name=\"twitter:card\" content=\"summary_large_image\" \/>\n<meta name=\"twitter:label1\" content=\"Dur\u00e9e de lecture estim\u00e9e\" \/>\n\t<meta name=\"twitter:data1\" content=\"2 minutes\" \/>\n<script type=\"application\/ld+json\" class=\"yoast-schema-graph\">{\"@context\":\"https:\/\/schema.org\",\"@graph\":[{\"@type\":\"WebPage\",\"@id\":\"https:\/\/duretetlandry.ca\/fr\/politique-de-confidentialite\/\",\"url\":\"https:\/\/duretetlandry.ca\/fr\/politique-de-confidentialite\/\",\"name\":\"Politique de confidentialit\u00e9 - Duret et Landry | Corghi Canada\",\"isPartOf\":{\"@id\":\"https:\/\/duretetlandry.ca\/#website\"},\"datePublished\":\"2015-07-14T01:31:44+00:00\",\"dateModified\":\"2024-03-13T23:58:57+00:00\",\"breadcrumb\":{\"@id\":\"https:\/\/duretetlandry.ca\/fr\/politique-de-confidentialite\/#breadcrumb\"},\"inLanguage\":\"fr-FR\",\"potentialAction\":[{\"@type\":\"ReadAction\",\"target\":[\"https:\/\/duretetlandry.ca\/fr\/politique-de-confidentialite\/\"]}]},{\"@type\":\"BreadcrumbList\",\"@id\":\"https:\/\/duretetlandry.ca\/fr\/politique-de-confidentialite\/#breadcrumb\",\"itemListElement\":[{\"@type\":\"ListItem\",\"position\":1,\"name\":\"Home\",\"item\":\"https:\/\/duretetlandry.ca\/fr\/\"},{\"@type\":\"ListItem\",\"position\":2,\"name\":\"Politique de confidentialit\u00e9\"}]},{\"@type\":\"WebSite\",\"@id\":\"https:\/\/duretetlandry.ca\/#website\",\"url\":\"https:\/\/duretetlandry.ca\/\",\"name\":\"Duret et Landry | Corghi Canada\",\"description\":\"Official canadian distributor of Corghi, Pasquin and Paoli.\",\"potentialAction\":[{\"@type\":\"SearchAction\",\"target\":{\"@type\":\"EntryPoint\",\"urlTemplate\":\"https:\/\/duretetlandry.ca\/?s={search_term_string}\"},\"query-input\":{\"@type\":\"PropertyValueSpecification\",\"valueRequired\":true,\"valueName\":\"search_term_string\"}}],\"inLanguage\":\"fr-FR\"}]}<\/script>\n<!-- \/ Yoast SEO plugin. -->","yoast_head_json":{"title":"Politique de confidentialit\u00e9 - Duret et Landry | Corghi Canada","robots":{"index":"index","follow":"follow","max-snippet":"max-snippet:-1","max-image-preview":"max-image-preview:large","max-video-preview":"max-video-preview:-1"},"canonical":"https:\/\/duretetlandry.ca\/fr\/politique-de-confidentialite\/","og_locale":"fr_FR","og_type":"article","og_title":"Politique de confidentialit\u00e9 - Duret et Landry | Corghi Canada","og_description":"...","og_url":"https:\/\/duretetlandry.ca\/fr\/politique-de-confidentialite\/","og_site_name":"Duret et Landry | Corghi Canada","article_modified_time":"2024-03-13T23:58:57+00:00","twitter_card":"summary_large_image","twitter_misc":{"Dur\u00e9e de lecture estim\u00e9e":"2 minutes"},"schema":{"@context":"https:\/\/schema.org","@graph":[{"@type":"WebPage","@id":"https:\/\/duretetlandry.ca\/fr\/politique-de-confidentialite\/","url":"https:\/\/duretetlandry.ca\/fr\/politique-de-confidentialite\/","name":"Politique de confidentialit\u00e9 - Duret et Landry | Corghi Canada","isPartOf":{"@id":"https:\/\/duretetlandry.ca\/#website"},"datePublished":"2015-07-14T01:31:44+00:00","dateModified":"2024-03-13T23:58:57+00:00","breadcrumb":{"@id":"https:\/\/duretetlandry.ca\/fr\/politique-de-confidentialite\/#breadcrumb"},"inLanguage":"fr-FR","potentialAction":[{"@type":"ReadAction","target":["https:\/\/duretetlandry.ca\/fr\/politique-de-confidentialite\/"]}]},{"@type":"BreadcrumbList","@id":"https:\/\/duretetlandry.ca\/fr\/politique-de-confidentialite\/#breadcrumb","itemListElement":[{"@type":"ListItem","position":1,"name":"Home","item":"https:\/\/duretetlandry.ca\/fr\/"},{"@type":"ListItem","position":2,"name":"Politique de confidentialit\u00e9"}]},{"@type":"WebSite","@id":"https:\/\/duretetlandry.ca\/#website","url":"https:\/\/duretetlandry.ca\/","name":"Duret et Landry | Corghi Canada","description":"Official canadian distributor of Corghi, Pasquin and Paoli.","potentialAction":[{"@type":"SearchAction","target":{"@type":"EntryPoint","urlTemplate":"https:\/\/duretetlandry.ca\/?s={search_term_string}"},"query-input":{"@type":"PropertyValueSpecification","valueRequired":true,"valueName":"search_term_string"}}],"inLanguage":"fr-FR"}]}},"_links":{"self":[{"href":"https:\/\/duretetlandry.ca\/fr\/wp-json\/wp\/v2\/pages\/19489","targetHints":{"allow":["GET"]}}],"collection":[{"href":"https:\/\/duretetlandry.ca\/fr\/wp-json\/wp\/v2\/pages"}],"about":[{"href":"https:\/\/duretetlandry.ca\/fr\/wp-json\/wp\/v2\/types\/page"}],"author":[{"embeddable":true,"href":"https:\/\/duretetlandry.ca\/fr\/wp-json\/wp\/v2\/users\/4"}],"replies":[{"embeddable":true,"href":"https:\/\/duretetlandry.ca\/fr\/wp-json\/wp\/v2\/comments?post=19489"}],"version-history":[{"count":8,"href":"https:\/\/duretetlandry.ca\/fr\/wp-json\/wp\/v2\/pages\/19489\/revisions"}],"predecessor-version":[{"id":22761,"href":"https:\/\/duretetlandry.ca\/fr\/wp-json\/wp\/v2\/pages\/19489\/revisions\/22761"}],"wp:attachment":[{"href":"https:\/\/duretetlandry.ca\/fr\/wp-json\/wp\/v2\/media?parent=19489"}],"curies":[{"name":"wp","href":"https:\/\/api.w.org\/{rel}","templated":true}]}}