{"id":19713,"date":"2015-01-22T15:02:23","date_gmt":"2015-01-22T15:02:23","guid":{"rendered":"http:\/\/duretetlandry.com\/fr\/?page_id=19713"},"modified":"2025-11-12T19:50:45","modified_gmt":"2025-11-12T19:50:45","slug":"autres-produits","status":"publish","type":"page","link":"https:\/\/duretetlandry.ca\/fr\/autres-produits\/","title":{"rendered":"Autres produits"},"content":{"rendered":"<p>[vc_row][vc_column][vc_text_separator title=\u00a0\u00bbAutres produits\u00a0\u00bb][\/vc_column][\/vc_row][vc_row][vc_column]<div class=\"woocommerce columns-4 \"><div class=\"row products-loop products-grid row-count-4\">\n\n<div class=\"product first col-lg-4 col-sm-4 col-xs-6 wishlist-disabled \">\n\t<a href=\"https:\/\/duretetlandry.ca\/fr\/shop\/partner-70\/\" class=\"woocommerce-LoopProduct-link woocommerce-loop-product__link\">\t<div class=\"content-product\">\n\t\t\t\t<div class=\"product-image-wrapper hover-effect-disable\">\n\t\t\t\t<a class=\"product-content-image\" href=\"https:\/\/duretetlandry.ca\/fr\/shop\/partner-70\/\" data-images=\"\">\n\t\t\t\t\t<div class=\"label-product\">\n\n    \t        \n\t    \n<\/div>\t\t\t\t\t\t\t\t\t\t<img decoding=\"async\" width=\"300\" height=\"300\" data-src=\"https:\/\/duretetlandry.ca\/wp-content\/uploads\/2021\/02\/Partner70-300x300.jpg\" class=\"attachment-woocommerce_thumbnail size-woocommerce_thumbnail lazyload\" alt=\"\" data-srcset=\"https:\/\/duretetlandry.ca\/wp-content\/uploads\/2021\/02\/Partner70-300x300.jpg 300w, https:\/\/duretetlandry.ca\/wp-content\/uploads\/2021\/02\/Partner70-150x150.jpg 150w, https:\/\/duretetlandry.ca\/wp-content\/uploads\/2021\/02\/Partner70-768x768.jpg 768w, https:\/\/duretetlandry.ca\/wp-content\/uploads\/2021\/02\/Partner70-600x600.jpg 600w, https:\/\/duretetlandry.ca\/wp-content\/uploads\/2021\/02\/Partner70-100x100.jpg 100w, https:\/\/duretetlandry.ca\/wp-content\/uploads\/2021\/02\/Partner70.jpg 800w\" data-sizes=\"(max-width: 300px) 100vw, 300px\" src=\"data:image\/gif;base64,R0lGODlhAQABAAAAACH5BAEKAAEALAAAAAABAAEAAAICTAEAOw==\" style=\"--smush-placeholder-width: 300px; --smush-placeholder-aspect-ratio: 300\/300;\" \/>                    \t\t\t\t<\/a>\n\t\t\t<footer class=\"footer-product\">\n\t\t\t\t\t\t\t\t\t\t\t<\/footer>\n\t\t<\/div>\n\n\t\t<div class=\"text-center product-details\">\n\t        \t\n\t                        <div class=\"product-title\">\n                   <a href=\"https:\/\/duretetlandry.ca\/fr\/shop\/partner-70\/\">Partner 70<\/a>\n                <\/div>\n\t        \t\n                        \n\t        <div class=\"product-excerpt\">\n                <h3>Partner 70<\/h3>\r\n<a href=\"https:\/\/duretetlandry.ca\/wp-content\/uploads\/2021\/02\/Partner70_fr_es_pt.pdf\" target=\"_blank\" rel=\"noopener\"><img decoding=\"async\" class=\"alignnone wp-image-19619 size-full lazyload\" data-src=\"https:\/\/duretetlandry.ca\/wp-content\/uploads\/2015\/07\/bouton-PDF-en1.jpg\" alt=\"bouton-PDF-en\" width=\"131\" height=\"36\" src=\"data:image\/gif;base64,R0lGODlhAQABAAAAACH5BAEKAAEALAAAAAABAAEAAAICTAEAOw==\" style=\"--smush-placeholder-width: 131px; --smush-placeholder-aspect-ratio: 131\/36;\" \/><\/a>\r\n\r\n<span class=\"Apple-converted-space\">\u00a0<\/span>Battery-Operated Wheel Lifter\u00a0- PARTNER 70 helps you to easily and safely demount, move and mount the wheels of cars, SUVs and light transport vehicles weighing up to 70 kg.\r\n\r\n<span class=\"Apple-converted-space\">\u00a0<\/span>L\u2019elevateur De Roue A Batterie\u00a0- PARTNER 70 vous aide \u00e0 d\u00e9monter, d\u00e9placer et monter les roues des automobiles, des crossover et des v\u00e9hicules utilitaires l\u00e9gers dont le poids atteint 70 kg, en toute s\u00e9curit\u00e9 et le plus simplement possible.<span class=\"Apple-converted-space\">\u00a0<\/span>\t        <\/div>\n\n\t\t\t\t\t<\/div>\n\t<\/div>\n<\/div>\n\n<div class=\"product col-lg-4 col-sm-4 col-xs-6 wishlist-disabled \">\n\t<a href=\"https:\/\/duretetlandry.ca\/fr\/shop\/rr-206\/\" class=\"woocommerce-LoopProduct-link woocommerce-loop-product__link\">\t<div class=\"content-product\">\n\t\t\t\t<div class=\"product-image-wrapper hover-effect-disable\">\n\t\t\t\t<a class=\"product-content-image\" href=\"https:\/\/duretetlandry.ca\/fr\/shop\/rr-206\/\" data-images=\"\">\n\t\t\t\t\t<div class=\"label-product\">\n\n    \t        \n\t    \n<\/div>\t\t\t\t\t\t\t\t\t\t<img decoding=\"async\" width=\"300\" height=\"300\" data-src=\"https:\/\/duretetlandry.ca\/wp-content\/uploads\/2021\/02\/RR206_new-300x300.jpg\" class=\"attachment-woocommerce_thumbnail size-woocommerce_thumbnail lazyload\" alt=\"\" data-srcset=\"https:\/\/duretetlandry.ca\/wp-content\/uploads\/2021\/02\/RR206_new-300x300.jpg 300w, https:\/\/duretetlandry.ca\/wp-content\/uploads\/2021\/02\/RR206_new-150x150.jpg 150w, https:\/\/duretetlandry.ca\/wp-content\/uploads\/2021\/02\/RR206_new-768x768.jpg 768w, https:\/\/duretetlandry.ca\/wp-content\/uploads\/2021\/02\/RR206_new-600x600.jpg 600w, https:\/\/duretetlandry.ca\/wp-content\/uploads\/2021\/02\/RR206_new-100x100.jpg 100w, https:\/\/duretetlandry.ca\/wp-content\/uploads\/2021\/02\/RR206_new.jpg 800w\" data-sizes=\"(max-width: 300px) 100vw, 300px\" src=\"data:image\/gif;base64,R0lGODlhAQABAAAAACH5BAEKAAEALAAAAAABAAEAAAICTAEAOw==\" style=\"--smush-placeholder-width: 300px; --smush-placeholder-aspect-ratio: 300\/300;\" \/>                    \t\t\t\t<\/a>\n\t\t\t<footer class=\"footer-product\">\n\t\t\t\t\t\t\t\t\t\t\t<\/footer>\n\t\t<\/div>\n\n\t\t<div class=\"text-center product-details\">\n\t        \t\n\t                        <div class=\"product-title\">\n                   <a href=\"https:\/\/duretetlandry.ca\/fr\/shop\/rr-206\/\">RR 206<\/a>\n                <\/div>\n\t        \t\n                        \n\t        <div class=\"product-excerpt\">\n                <h3>RR 206<\/h3>\r\n<a href=\"https:\/\/duretetlandry.ca\/wp-content\/uploads\/2021\/02\/RR206_fr-es-pt.pdf\" target=\"_blank\" rel=\"noopener\"><img decoding=\"async\" class=\"alignnone wp-image-19619 size-full lazyload\" data-src=\"https:\/\/duretetlandry.ca\/wp-content\/uploads\/2015\/07\/bouton-PDF-en1.jpg\" alt=\"bouton-PDF-en\" width=\"131\" height=\"36\" src=\"data:image\/gif;base64,R0lGODlhAQABAAAAACH5BAEKAAEALAAAAAABAAEAAAICTAEAOw==\" style=\"--smush-placeholder-width: 131px; --smush-placeholder-aspect-ratio: 131\/36;\" \/><\/a>\r\n\r\nD\u00e9voileur de jantes\t        <\/div>\n\n\t\t\t\t\t<\/div>\n\t<\/div>\n<\/div>\n\n<div class=\"product col-lg-4 col-sm-4 col-xs-6 wishlist-disabled \">\n\t<a href=\"https:\/\/duretetlandry.ca\/fr\/shop\/p-302-ex-2\/\" class=\"woocommerce-LoopProduct-link woocommerce-loop-product__link\">\t<div class=\"content-product\">\n\t\t\t\t<div class=\"product-image-wrapper hover-effect-disable\">\n\t\t\t\t<a class=\"product-content-image\" href=\"https:\/\/duretetlandry.ca\/fr\/shop\/p-302-ex-2\/\" data-images=\"\">\n\t\t\t\t\t<div class=\"label-product\">\n\n    \t        \n\t    \n<\/div>\t\t\t\t\t\t\t\t\t\t<img decoding=\"async\" width=\"300\" height=\"300\" data-src=\"https:\/\/duretetlandry.ca\/wp-content\/uploads\/2015\/07\/P-302-extra-3.jpg\" class=\"attachment-woocommerce_thumbnail size-woocommerce_thumbnail lazyload\" alt=\"\" data-srcset=\"https:\/\/duretetlandry.ca\/wp-content\/uploads\/2015\/07\/P-302-extra-3.jpg 800w, https:\/\/duretetlandry.ca\/wp-content\/uploads\/2015\/07\/P-302-extra-3-150x150.jpg 150w, https:\/\/duretetlandry.ca\/wp-content\/uploads\/2015\/07\/P-302-extra-3-300x300.jpg 300w, https:\/\/duretetlandry.ca\/wp-content\/uploads\/2015\/07\/P-302-extra-3-180x180.jpg 180w, https:\/\/duretetlandry.ca\/wp-content\/uploads\/2015\/07\/P-302-extra-3-600x600.jpg 600w\" data-sizes=\"(max-width: 300px) 100vw, 300px\" src=\"data:image\/gif;base64,R0lGODlhAQABAAAAACH5BAEKAAEALAAAAAABAAEAAAICTAEAOw==\" style=\"--smush-placeholder-width: 300px; --smush-placeholder-aspect-ratio: 300\/300;\" \/>                    \t\t\t\t<\/a>\n\t\t\t<footer class=\"footer-product\">\n\t\t\t\t\t\t\t\t\t\t\t<\/footer>\n\t\t<\/div>\n\n\t\t<div class=\"text-center product-details\">\n\t        \t\n\t                        <div class=\"product-title\">\n                   <a href=\"https:\/\/duretetlandry.ca\/fr\/shop\/p-302-ex-2\/\">P 302 EX<\/a>\n                <\/div>\n\t        \t\n                        \n\t        <div class=\"product-excerpt\">\n                <h3>P 302 EX<\/h3><p><a href=\"https:\/\/duretetlandry.ca\/wp-content\/uploads\/2015\/07\/catalogo_2015.pdf\"><img decoding=\"async\" class=\"alignnone wp-image-19829 size-full lazyload\" data-src=\"https:\/\/duretetlandry.ca\/wp-content\/uploads\/2015\/07\/bouton-PDF-fr.jpg\" alt=\"bouton-PDF-fr\" width=\"131\" height=\"36\" src=\"data:image\/gif;base64,R0lGODlhAQABAAAAACH5BAEKAAEALAAAAAABAAEAAAICTAEAOw==\" style=\"--smush-placeholder-width: 131px; --smush-placeholder-aspect-ratio: 131\/36;\" \/><\/a><\/p>\r\n\r\n<\/br>crics rouleurs hydropneumatiques avec cylindres de levage\t        <\/div>\n\n\t\t\t\t\t<\/div>\n\t<\/div>\n<\/div>\n\n<div class=\"product last col-lg-4 col-sm-4 col-xs-6 wishlist-disabled \">\n\t<a href=\"https:\/\/duretetlandry.ca\/fr\/shop\/p-250-c-2\/\" class=\"woocommerce-LoopProduct-link woocommerce-loop-product__link\">\t<div class=\"content-product\">\n\t\t\t\t<div class=\"product-image-wrapper hover-effect-disable\">\n\t\t\t\t<a class=\"product-content-image\" href=\"https:\/\/duretetlandry.ca\/fr\/shop\/p-250-c-2\/\" data-images=\"\">\n\t\t\t\t\t<div class=\"label-product\">\n\n    \t        \n\t    \n<\/div>\t\t\t\t\t\t\t\t\t\t<img decoding=\"async\" width=\"300\" height=\"300\" data-src=\"https:\/\/duretetlandry.ca\/wp-content\/uploads\/2015\/07\/P-250-C1-3.jpg\" class=\"attachment-woocommerce_thumbnail size-woocommerce_thumbnail lazyload\" alt=\"\" data-srcset=\"https:\/\/duretetlandry.ca\/wp-content\/uploads\/2015\/07\/P-250-C1-3.jpg 800w, https:\/\/duretetlandry.ca\/wp-content\/uploads\/2015\/07\/P-250-C1-3-150x150.jpg 150w, https:\/\/duretetlandry.ca\/wp-content\/uploads\/2015\/07\/P-250-C1-3-300x300.jpg 300w, https:\/\/duretetlandry.ca\/wp-content\/uploads\/2015\/07\/P-250-C1-3-180x180.jpg 180w, https:\/\/duretetlandry.ca\/wp-content\/uploads\/2015\/07\/P-250-C1-3-600x600.jpg 600w\" data-sizes=\"(max-width: 300px) 100vw, 300px\" src=\"data:image\/gif;base64,R0lGODlhAQABAAAAACH5BAEKAAEALAAAAAABAAEAAAICTAEAOw==\" style=\"--smush-placeholder-width: 300px; --smush-placeholder-aspect-ratio: 300\/300;\" \/>                    \t\t\t\t<\/a>\n\t\t\t<footer class=\"footer-product\">\n\t\t\t\t\t\t\t\t\t\t\t<\/footer>\n\t\t<\/div>\n\n\t\t<div class=\"text-center product-details\">\n\t        \t\n\t                        <div class=\"product-title\">\n                   <a href=\"https:\/\/duretetlandry.ca\/fr\/shop\/p-250-c-2\/\">P 250 C<\/a>\n                <\/div>\n\t        \t\n                        \n\t        <div class=\"product-excerpt\">\n                <h3>P 250 C<\/h3><p><a href=\"https:\/\/duretetlandry.ca\/wp-content\/uploads\/2015\/07\/catalogo_2015.pdf\"><img decoding=\"async\" class=\"alignnone wp-image-19829 size-full lazyload\" data-src=\"https:\/\/duretetlandry.ca\/wp-content\/uploads\/2015\/07\/bouton-PDF-fr.jpg\" alt=\"bouton-PDF-fr\" width=\"131\" height=\"36\" src=\"data:image\/gif;base64,R0lGODlhAQABAAAAACH5BAEKAAEALAAAAAABAAEAAAICTAEAOw==\" style=\"--smush-placeholder-width: 131px; --smush-placeholder-aspect-ratio: 131\/36;\" \/><\/a><\/p><p>\u00a0<\/p>\r\n\r\n<\/br>crics rouleurs hydropneumatiques avec cylindres de levage\t        <\/div>\n\n\t\t\t\t\t<\/div>\n\t<\/div>\n<\/div>\n\n<div class=\"product first col-lg-4 col-sm-4 col-xs-6 wishlist-disabled \">\n\t<a href=\"https:\/\/duretetlandry.ca\/fr\/shop\/p-182-c-2\/\" class=\"woocommerce-LoopProduct-link woocommerce-loop-product__link\">\t<div class=\"content-product\">\n\t\t\t\t<div class=\"product-image-wrapper hover-effect-disable\">\n\t\t\t\t<a class=\"product-content-image\" href=\"https:\/\/duretetlandry.ca\/fr\/shop\/p-182-c-2\/\" data-images=\"\">\n\t\t\t\t\t<div class=\"label-product\">\n\n    \t        \n\t    \n<\/div>\t\t\t\t\t\t\t\t\t\t<img decoding=\"async\" width=\"300\" height=\"300\" data-src=\"https:\/\/duretetlandry.ca\/wp-content\/uploads\/2015\/07\/P-182-4.jpg\" class=\"attachment-woocommerce_thumbnail size-woocommerce_thumbnail lazyload\" alt=\"\" data-srcset=\"https:\/\/duretetlandry.ca\/wp-content\/uploads\/2015\/07\/P-182-4.jpg 1667w, https:\/\/duretetlandry.ca\/wp-content\/uploads\/2015\/07\/P-182-4-150x150.jpg 150w, https:\/\/duretetlandry.ca\/wp-content\/uploads\/2015\/07\/P-182-4-300x300.jpg 300w, https:\/\/duretetlandry.ca\/wp-content\/uploads\/2015\/07\/P-182-4-1024x1024.jpg 1024w, https:\/\/duretetlandry.ca\/wp-content\/uploads\/2015\/07\/P-182-4-180x180.jpg 180w, https:\/\/duretetlandry.ca\/wp-content\/uploads\/2015\/07\/P-182-4-600x600.jpg 600w\" data-sizes=\"(max-width: 300px) 100vw, 300px\" src=\"data:image\/gif;base64,R0lGODlhAQABAAAAACH5BAEKAAEALAAAAAABAAEAAAICTAEAOw==\" style=\"--smush-placeholder-width: 300px; --smush-placeholder-aspect-ratio: 300\/300;\" \/>                    \t\t\t\t<\/a>\n\t\t\t<footer class=\"footer-product\">\n\t\t\t\t\t\t\t\t\t\t\t<\/footer>\n\t\t<\/div>\n\n\t\t<div class=\"text-center product-details\">\n\t        \t\n\t                        <div class=\"product-title\">\n                   <a href=\"https:\/\/duretetlandry.ca\/fr\/shop\/p-182-c-2\/\">P 182 C<\/a>\n                <\/div>\n\t        \t\n                        \n\t        <div class=\"product-excerpt\">\n                <h3>P 182 C<\/h3><p><a href=\"https:\/\/duretetlandry.ca\/wp-content\/uploads\/2015\/07\/catalogo_2015.pdf\"><img decoding=\"async\" class=\"alignnone wp-image-19829 size-full lazyload\" data-src=\"https:\/\/duretetlandry.ca\/wp-content\/uploads\/2015\/07\/bouton-PDF-fr.jpg\" alt=\"bouton-PDF-fr\" width=\"131\" height=\"36\" src=\"data:image\/gif;base64,R0lGODlhAQABAAAAACH5BAEKAAEALAAAAAABAAEAAAICTAEAOw==\" style=\"--smush-placeholder-width: 131px; --smush-placeholder-aspect-ratio: 131\/36;\" \/><\/a><\/p><p>\u00a0<\/p>\r\n\r\n<\/br>crics rouleurs hydropneumatiques avec cylindres de levage\t        <\/div>\n\n\t\t\t\t\t<\/div>\n\t<\/div>\n<\/div>\n\n<div class=\"product col-lg-4 col-sm-4 col-xs-6 wishlist-disabled \">\n\t<a href=\"https:\/\/duretetlandry.ca\/fr\/shop\/p-152-c-2\/\" class=\"woocommerce-LoopProduct-link woocommerce-loop-product__link\">\t<div class=\"content-product\">\n\t\t\t\t<div class=\"product-image-wrapper hover-effect-disable\">\n\t\t\t\t<a class=\"product-content-image\" href=\"https:\/\/duretetlandry.ca\/fr\/shop\/p-152-c-2\/\" data-images=\"\">\n\t\t\t\t\t<div class=\"label-product\">\n\n    \t        \n\t    \n<\/div>\t\t\t\t\t\t\t\t\t\t<img decoding=\"async\" width=\"300\" height=\"300\" data-src=\"https:\/\/duretetlandry.ca\/wp-content\/uploads\/2015\/07\/P-152-C1.jpg\" class=\"attachment-woocommerce_thumbnail size-woocommerce_thumbnail lazyload\" alt=\"\" data-srcset=\"https:\/\/duretetlandry.ca\/wp-content\/uploads\/2015\/07\/P-152-C1.jpg 800w, https:\/\/duretetlandry.ca\/wp-content\/uploads\/2015\/07\/P-152-C1-150x150.jpg 150w, https:\/\/duretetlandry.ca\/wp-content\/uploads\/2015\/07\/P-152-C1-300x300.jpg 300w, https:\/\/duretetlandry.ca\/wp-content\/uploads\/2015\/07\/P-152-C1-180x180.jpg 180w, https:\/\/duretetlandry.ca\/wp-content\/uploads\/2015\/07\/P-152-C1-600x600.jpg 600w\" data-sizes=\"(max-width: 300px) 100vw, 300px\" src=\"data:image\/gif;base64,R0lGODlhAQABAAAAACH5BAEKAAEALAAAAAABAAEAAAICTAEAOw==\" style=\"--smush-placeholder-width: 300px; --smush-placeholder-aspect-ratio: 300\/300;\" \/>                    \t\t\t\t<\/a>\n\t\t\t<footer class=\"footer-product\">\n\t\t\t\t\t\t\t\t\t\t\t<\/footer>\n\t\t<\/div>\n\n\t\t<div class=\"text-center product-details\">\n\t        \t\n\t                        <div class=\"product-title\">\n                   <a href=\"https:\/\/duretetlandry.ca\/fr\/shop\/p-152-c-2\/\">P 152 C<\/a>\n                <\/div>\n\t        \t\n                        \n\t        <div class=\"product-excerpt\">\n                <h3>P 152 C<\/h3><p><a href=\"https:\/\/duretetlandry.ca\/wp-content\/uploads\/2015\/07\/catalogo_2015.pdf\"><img decoding=\"async\" class=\"alignnone wp-image-19829 size-full lazyload\" data-src=\"https:\/\/duretetlandry.ca\/wp-content\/uploads\/2015\/07\/bouton-PDF-fr.jpg\" alt=\"bouton-PDF-fr\" width=\"131\" height=\"36\" src=\"data:image\/gif;base64,R0lGODlhAQABAAAAACH5BAEKAAEALAAAAAABAAEAAAICTAEAOw==\" style=\"--smush-placeholder-width: 131px; --smush-placeholder-aspect-ratio: 131\/36;\" \/><\/a><\/p><p>\u00a0<\/p>\r\n\r\n<\/br>crics rouleurs hydropneumatiques avec cylindres de levage\t        <\/div>\n\n\t\t\t\t\t<\/div>\n\t<\/div>\n<\/div><\/div> <!-- .row --><\/div>[\/vc_column][\/vc_row][vc_row][vc_column][vc_text_separator title=\u00a0\u00bbPi\u00e8ces et accessoires\u00a0\u00bb][\/vc_column][\/vc_row][vc_row][vc_column width=\u00a0\u00bb1\/3&Prime;][\/vc_column][vc_column width=\u00a0\u00bb1\/3&Prime;][vc_single_image image=\u00a0\u00bb23189&Prime; img_size=\u00a0\u00bbmedium\u00a0\u00bb alignment=\u00a0\u00bbcenter\u00a0\u00bb style=\u00a0\u00bbvc_box_shadow_3d\u00a0\u00bb][vc_btn title=\u00a0\u00bbT\u00e9l\u00e9charger le catalogue de pi\u00e8ces (PDF)\u00a0\u00bb align=\u00a0\u00bbcenter\u00a0\u00bb link=\u00a0\u00bburl:https%3A%2F%2Fduretetlandry.ca%2Fwp-content%2Fuploads%2F2025%2F11%2FDL_catalogue_pieces_et_accessoires_2025_compressed.pdf|target:_blank\u00a0\u00bb][\/vc_column][vc_column width=\u00a0\u00bb1\/3&Prime;][\/vc_column][\/vc_row]<\/p>\n","protected":false},"excerpt":{"rendered":"<p>&#8230;<\/p>\n","protected":false},"author":4,"featured_media":0,"parent":0,"menu_order":0,"comment_status":"open","ping_status":"open","template":"","meta":{"inline_featured_image":false,"_monsterinsights_skip_tracking":false,"_monsterinsights_sitenote_active":false,"_monsterinsights_sitenote_note":"","_monsterinsights_sitenote_category":0,"footnotes":""},"class_list":["post-19713","page","type-page","status-publish","hentry"],"yoast_head":"<!-- This site is optimized with the Yoast SEO plugin v24.4 - https:\/\/yoast.com\/wordpress\/plugins\/seo\/ -->\n<title>Autres produits - Duret et Landry | Corghi Canada<\/title>\n<meta name=\"robots\" content=\"index, follow, max-snippet:-1, max-image-preview:large, max-video-preview:-1\" \/>\n<link rel=\"canonical\" href=\"https:\/\/duretetlandry.ca\/fr\/autres-produits\/\" \/>\n<meta property=\"og:locale\" content=\"fr_FR\" \/>\n<meta property=\"og:type\" content=\"article\" \/>\n<meta property=\"og:title\" content=\"Autres produits - Duret et Landry | Corghi Canada\" \/>\n<meta property=\"og:description\" content=\"...\" \/>\n<meta property=\"og:url\" content=\"https:\/\/duretetlandry.ca\/fr\/autres-produits\/\" \/>\n<meta property=\"og:site_name\" content=\"Duret et Landry | Corghi Canada\" \/>\n<meta property=\"article:modified_time\" content=\"2025-11-12T19:50:45+00:00\" \/>\n<meta name=\"twitter:card\" content=\"summary_large_image\" \/>\n<meta name=\"twitter:label1\" content=\"Dur\u00e9e de lecture estim\u00e9e\" \/>\n\t<meta name=\"twitter:data1\" content=\"1 minute\" \/>\n<script type=\"application\/ld+json\" class=\"yoast-schema-graph\">{\"@context\":\"https:\/\/schema.org\",\"@graph\":[{\"@type\":\"WebPage\",\"@id\":\"https:\/\/duretetlandry.ca\/fr\/autres-produits\/\",\"url\":\"https:\/\/duretetlandry.ca\/fr\/autres-produits\/\",\"name\":\"Autres produits - Duret et Landry | Corghi Canada\",\"isPartOf\":{\"@id\":\"https:\/\/duretetlandry.ca\/#website\"},\"datePublished\":\"2015-01-22T15:02:23+00:00\",\"dateModified\":\"2025-11-12T19:50:45+00:00\",\"breadcrumb\":{\"@id\":\"https:\/\/duretetlandry.ca\/fr\/autres-produits\/#breadcrumb\"},\"inLanguage\":\"fr-FR\",\"potentialAction\":[{\"@type\":\"ReadAction\",\"target\":[\"https:\/\/duretetlandry.ca\/fr\/autres-produits\/\"]}]},{\"@type\":\"BreadcrumbList\",\"@id\":\"https:\/\/duretetlandry.ca\/fr\/autres-produits\/#breadcrumb\",\"itemListElement\":[{\"@type\":\"ListItem\",\"position\":1,\"name\":\"Home\",\"item\":\"https:\/\/duretetlandry.ca\/fr\/\"},{\"@type\":\"ListItem\",\"position\":2,\"name\":\"Autres produits\"}]},{\"@type\":\"WebSite\",\"@id\":\"https:\/\/duretetlandry.ca\/#website\",\"url\":\"https:\/\/duretetlandry.ca\/\",\"name\":\"Duret et Landry | Corghi Canada\",\"description\":\"Official canadian distributor of Corghi, Pasquin and Paoli.\",\"potentialAction\":[{\"@type\":\"SearchAction\",\"target\":{\"@type\":\"EntryPoint\",\"urlTemplate\":\"https:\/\/duretetlandry.ca\/?s={search_term_string}\"},\"query-input\":{\"@type\":\"PropertyValueSpecification\",\"valueRequired\":true,\"valueName\":\"search_term_string\"}}],\"inLanguage\":\"fr-FR\"}]}<\/script>\n<!-- \/ Yoast SEO plugin. -->","yoast_head_json":{"title":"Autres produits - Duret et Landry | Corghi Canada","robots":{"index":"index","follow":"follow","max-snippet":"max-snippet:-1","max-image-preview":"max-image-preview:large","max-video-preview":"max-video-preview:-1"},"canonical":"https:\/\/duretetlandry.ca\/fr\/autres-produits\/","og_locale":"fr_FR","og_type":"article","og_title":"Autres produits - Duret et Landry | Corghi Canada","og_description":"...","og_url":"https:\/\/duretetlandry.ca\/fr\/autres-produits\/","og_site_name":"Duret et Landry | Corghi Canada","article_modified_time":"2025-11-12T19:50:45+00:00","twitter_card":"summary_large_image","twitter_misc":{"Dur\u00e9e de lecture estim\u00e9e":"1 minute"},"schema":{"@context":"https:\/\/schema.org","@graph":[{"@type":"WebPage","@id":"https:\/\/duretetlandry.ca\/fr\/autres-produits\/","url":"https:\/\/duretetlandry.ca\/fr\/autres-produits\/","name":"Autres produits - Duret et Landry | Corghi Canada","isPartOf":{"@id":"https:\/\/duretetlandry.ca\/#website"},"datePublished":"2015-01-22T15:02:23+00:00","dateModified":"2025-11-12T19:50:45+00:00","breadcrumb":{"@id":"https:\/\/duretetlandry.ca\/fr\/autres-produits\/#breadcrumb"},"inLanguage":"fr-FR","potentialAction":[{"@type":"ReadAction","target":["https:\/\/duretetlandry.ca\/fr\/autres-produits\/"]}]},{"@type":"BreadcrumbList","@id":"https:\/\/duretetlandry.ca\/fr\/autres-produits\/#breadcrumb","itemListElement":[{"@type":"ListItem","position":1,"name":"Home","item":"https:\/\/duretetlandry.ca\/fr\/"},{"@type":"ListItem","position":2,"name":"Autres produits"}]},{"@type":"WebSite","@id":"https:\/\/duretetlandry.ca\/#website","url":"https:\/\/duretetlandry.ca\/","name":"Duret et Landry | Corghi Canada","description":"Official canadian distributor of Corghi, Pasquin and Paoli.","potentialAction":[{"@type":"SearchAction","target":{"@type":"EntryPoint","urlTemplate":"https:\/\/duretetlandry.ca\/?s={search_term_string}"},"query-input":{"@type":"PropertyValueSpecification","valueRequired":true,"valueName":"search_term_string"}}],"inLanguage":"fr-FR"}]}},"_links":{"self":[{"href":"https:\/\/duretetlandry.ca\/fr\/wp-json\/wp\/v2\/pages\/19713","targetHints":{"allow":["GET"]}}],"collection":[{"href":"https:\/\/duretetlandry.ca\/fr\/wp-json\/wp\/v2\/pages"}],"about":[{"href":"https:\/\/duretetlandry.ca\/fr\/wp-json\/wp\/v2\/types\/page"}],"author":[{"embeddable":true,"href":"https:\/\/duretetlandry.ca\/fr\/wp-json\/wp\/v2\/users\/4"}],"replies":[{"embeddable":true,"href":"https:\/\/duretetlandry.ca\/fr\/wp-json\/wp\/v2\/comments?post=19713"}],"version-history":[{"count":15,"href":"https:\/\/duretetlandry.ca\/fr\/wp-json\/wp\/v2\/pages\/19713\/revisions"}],"predecessor-version":[{"id":23194,"href":"https:\/\/duretetlandry.ca\/fr\/wp-json\/wp\/v2\/pages\/19713\/revisions\/23194"}],"wp:attachment":[{"href":"https:\/\/duretetlandry.ca\/fr\/wp-json\/wp\/v2\/media?parent=19713"}],"curies":[{"name":"wp","href":"https:\/\/api.w.org\/{rel}","templated":true}]}}