{"id":23213,"date":"2026-02-16T17:19:53","date_gmt":"2026-02-16T17:19:53","guid":{"rendered":"https:\/\/duretetlandry.ca\/?page_id=23213"},"modified":"2026-02-16T17:19:53","modified_gmt":"2026-02-16T17:19:53","slug":"offre-demplois-magasinier","status":"publish","type":"page","link":"https:\/\/duretetlandry.ca\/fr\/offre-demplois-magasinier\/","title":{"rendered":"Offre d&#8217;emplois &#8211; Magasinier"},"content":{"rendered":"<p>[vc_row css=\u00a0\u00bb.vc_custom_1692037548838{margin-top: 0px !important;margin-bottom: 0px !important;padding-top: 20px !important;padding-bottom: 50px !important;}\u00a0\u00bb][vc_column]\n\t\t\t<!-- START Video slider  \u00c0 propos REVOLUTION SLIDER 6.7.28 --><p class=\"rs-p-wp-fix\"><\/p>\n\t\t\t<rs-module-wrap id=\"rev_slider_9_1_wrapper\" data-source=\"gallery\" style=\"visibility:hidden;background:transparent;padding:0;margin:0px auto;margin-top:0;margin-bottom:0;\">\n\t\t\t\t<rs-module id=\"rev_slider_9_1\" style=\"\" data-version=\"6.7.28\">\n\t\t\t\t\t<rs-slides style=\"overflow: hidden; position: absolute;\">\n\t\t\t\t\t\t<rs-slide style=\"position: absolute;\" data-key=\"rs-25\" data-title=\"Slide\" data-anim=\"ms:1000;r:0;\" data-in=\"o:0;\" data-out=\"a:false;\">\n\t\t\t\t\t\t\t<img decoding=\"async\" src=\"\/\/duretetlandry.ca\/wp-content\/plugins\/revslider\/sr6\/assets\/assets\/dummy.png\" alt=\"Video thumbnail\" title=\"video1-thumbnail\" width=\"1400\" height=\"769\" class=\"rev-slidebg tp-rs-img rs-lazyload\" data-lazyload=\"\/\/duretetlandry.ca\/wp-content\/plugins\/revslider\/sr6\/assets\/assets\/transparent.png\" data-bg=\"p:center bottom;\" data-no-retina>\n<!--\n\t\t\t\t\t\t\t--><rs-layer\n\t\t\t\t\t\t\t\tid=\"slider-9-slide-25-layer-4\" \n\t\t\t\t\t\t\t\tclass=\"rs-layer-video intrinsic-ignore\"\n\t\t\t\t\t\t\t\tdata-type=\"video\"\n\t\t\t\t\t\t\t\tdata-rsp_ch=\"on\"\n\t\t\t\t\t\t\t\tdata-xy=\"x:c;y:c;\"\n\t\t\t\t\t\t\t\tdata-text=\"w:normal;\"\n\t\t\t\t\t\t\t\tdata-dim=\"w:90%;\"\n\t\t\t\t\t\t\t\tdata-video=\"twa:false;ap:false;v:100;vd:100;l:false;ptimer:false;nse:f;afs:f;vc:t;\"\n\t\t\t\t\t\t\t\tdata-poster=\"\/\/duretetlandry.ca\/wp-content\/uploads\/2015\/07\/thumbnail-video-apropos.jpg\"\n\t\t\t\t\t\t\t\tdata-ytid=\"QYAYk7szv9Q\"\n\t\t\t\t\t\t\t\tdata-vatr=\"version=3&amp;enablejsapi=1&amp;html5=1&amp;volume=100&amp;hd=1&amp;wmode=opaque&amp;showinfo=0&amp;rel=0&amp;origin=https:\/\/duretetlandry.ca;\"\n\t\t\t\t\t\t\t\tdata-frame_999=\"o:0;st:w;\"\n\t\t\t\t\t\t\t\tstyle=\"z-index:8;\"\n\t\t\t\t\t\t\t>\n\t\t\t\t\t\t\t<\/rs-layer><!--\n-->\t\t\t\t\t<\/rs-slide>\n\t\t\t\t\t<\/rs-slides>\n\t\t\t\t\t<rs-static-layers><!--\n\t\t\t\t\t--><\/rs-static-layers>\n\t\t\t\t<\/rs-module>\n\t\t\t\t<script>\n\t\t\t\t\tsetREVStartSize({c: 'rev_slider_9_1',rl:[1240,1024,778,480],el:[700],gw:[1240],gh:[700],type:'standard',justify:'',layout:'fullwidth',mh:\"0\"});if (window.RS_MODULES!==undefined && window.RS_MODULES.modules!==undefined && window.RS_MODULES.modules[\"revslider91\"]!==undefined) {window.RS_MODULES.modules[\"revslider91\"].once = false;window.revapi9 = undefined;if (window.RS_MODULES.checkMinimal!==undefined) window.RS_MODULES.checkMinimal()}\n\t\t\t\t<\/script>\n\t\t\t<\/rs-module-wrap>\n\t\t\t<!-- END REVOLUTION SLIDER -->\n[\/vc_column][\/vc_row][vc_row full_width=\u00a0\u00bbstretch_row_content\u00a0\u00bb equal_height=\u00a0\u00bbyes\u00a0\u00bb content_placement=\u00a0\u00bbtop\u00a0\u00bb css=\u00a0\u00bb.vc_custom_1686257464661{background-image: url(https:\/\/duretetlandry.ca\/wp-content\/uploads\/2023\/06\/bg-offres-emplois_v2.jpg?id=22267) !important;background-position: center !important;background-repeat: no-repeat !important;background-size: contain !important;}\u00a0\u00bb el_class=\u00a0\u00bbbg-offres-emploi\u00a0\u00bb][vc_column width=\u00a0\u00bb1\/2&Prime; css=\u00a0\u00bb.vc_custom_1686257815765{background-color: rgba(249,249,249,0.95) !important;*background-color: rgb(249,249,249) !important;}\u00a0\u00bb][vc_row_inner][vc_column_inner offset=\u00a0\u00bbvc_col-lg-offset-2 vc_col-lg-10&Prime; css=\u00a0\u00bb.vc_custom_1686254626802{padding: 40px !important;}\u00a0\u00bb][vc_column_text el_class=\u00a0\u00bbmain-infos-job-desc\u00a0\u00bb]<\/p>\n<h3 class=\"text-color-red\" style=\"text-align: left;\">Description de poste<\/h3>\n<h2 style=\"text-align: left;\"><strong>Magasinier.\u00e8re<\/strong><\/h2>\n<p class=\"p1\">40 h\/semaine<br \/>\nLundi au vendredi de 8h \u00e0 midi et de 13h \u00e0 17h<br \/>\nBureau chef de Laval<br \/>\n50 \u00e0 55 000 $ par ann\u00e9e selon l&rsquo;exp\u00e9rience<\/p>\n<p>[\/vc_column_text]<a class=\"ubtn-link  \" href = \"#candidature-spontanee\" target=''><button type=\"button\" class=\"ubtn   btn-postuler desktop-hide    tooltip-69e9def955f45\"  data-hover=\"\" data-border-color=\"\" data-hover-bg=\"\" data-border-hover=\"\" data-shadow-hover=\"\" data-shadow-click=\"none\" data-shadow=\"\" data-shd-shadow=\"\" style=\"font-weight:normal;border:none;\"><span class=\"ubtn-hover\"><\/span><span class=\"ubtn-data ubtn-text\">Postuler<\/span><\/button><\/a>[vc_column_text]<\/p>\n<h5>Principales fonctions du poste<\/h5>\n<ul>\n<li class=\"li1\">Faire la r\u00e9ception des pi\u00e8ces et placer en tablette selon l\u2019emplacement<\/li>\n<li>Pr\u00e9parer les commandes des clients internes et externes<\/li>\n<li>Emballer les pi\u00e8ces ad\u00e9quatement pour \u00e9viter tout bris durant le transport<\/li>\n<li>V\u00e9rification quotidienne de l\u2019inventaire<\/li>\n<li>Tenir l\u2019entrep\u00f4t propre et s\u00e9curitaire en tout temps<\/li>\n<\/ul>\n<h5><\/h5>\n<h5>Exigences du poste<\/h5>\n<ul>\n<li class=\"li1\">Permis de conduire permanent valide sans restriction<\/li>\n<li>Permis charriot \u00e9l\u00e9vateur obligatoire<\/li>\n<li>Bonne connaissance de la suite Office (Word, Excel, Outlook)<\/li>\n<li>Bonne connaissance des logiciels de transport (puro)<\/li>\n<li>2 ans d\u2019exp\u00e9riences comme magasinier<\/li>\n<\/ul>\n<h5><\/h5>\n<h5>Aptitudes et profil de la personne recherch\u00e9e<\/h5>\n<ul>\n<li class=\"li1\">Ordonn\u00e9e<\/li>\n<li>Ponctuelle<\/li>\n<li>Capable de travailler sous pression<\/li>\n<li>Autonome<\/li>\n<li>Personne travaillante et motiv\u00e9e<\/li>\n<li>D\u00e9brouillard<\/li>\n<li>Proactif<\/li>\n<\/ul>\n<h5><\/h5>\n<h5>Pourquoi choisir Duret &amp; Landry ?<\/h5>\n<ul>\n<li class=\"li1\">PME familiale en forte croissance<\/li>\n<li class=\"li1\">Salaire comp\u00e9titif<\/li>\n<li class=\"li1\">\u00c9quipe jeune, dynamique et en croissance<\/li>\n<li class=\"li1\">Ambiance de travail stimulante<\/li>\n<li class=\"li1\">Carri\u00e8re enrichissante<\/li>\n<li class=\"li1\">Possibilit\u00e9 d\u2019avancement dans l\u2019entreprise<\/li>\n<li>Reconnaissance des ann\u00e9es de service<\/li>\n<\/ul>\n<h5><\/h5>\n<h5>Avantages sociaux principaux<\/h5>\n<ul>\n<li class=\"li1\">Salaire comp\u00e9titif<\/li>\n<li>2 semaines de vacances<\/li>\n<li>Tous les vendredis du mois de juillet vous serez pay\u00e9 et en cong\u00e9<\/li>\n<li>2 \u00e0 6 journ\u00e9es mobiles et 40 heures de maladie par ann\u00e9e<\/li>\n<li>Compte sant\u00e9 D&amp;L de 100 \u00e0 600 $<\/li>\n<li>Fonds de pension : R\u00e9gime simplifi\u00e9 de retraite avec contribution de l\u2019employeur<\/li>\n<li>Programme d\u2019assurances (invalidit\u00e9 de longue dur\u00e9e, frais m\u00e9dicaux et param\u00e9dicaux, maladie grave, voyage, vie, etc.)<\/li>\n<li>Formation en continue<\/li>\n<li>Reconnaissance des ann\u00e9es de service<\/li>\n<li>Bonus de No\u00ebl, d\u2019\u00e9quipe et de performance.<\/li>\n<li>Uniformes fournis<\/li>\n<\/ul>\n<p>[\/vc_column_text][\/vc_column_inner][\/vc_row_inner][\/vc_column][vc_column width=\u00a0\u00bb1\/2&Prime; css=\u00a0\u00bb.vc_custom_1686577565206{background-color: rgba(250,237,79,0.95) !important;*background-color: rgb(250,237,79) !important;}\u00a0\u00bb el_id=\u00a0\u00bbcandidature-spontanee\u00a0\u00bb][vc_row_inner][vc_column_inner offset=\u00a0\u00bbvc_col-lg-10&Prime; css=\u00a0\u00bb.vc_custom_1686254637310{padding: 40px !important;}\u00a0\u00bb][vc_column_text]<\/p>\n<h3 class=\"text-color-red\" style=\"text-align: left;\">Formulaire<\/h3>\n<p>[\/vc_column_text]\n<div class=\"wpcf7 no-js\" id=\"wpcf7-f22058-o1\" lang=\"en-US\" dir=\"ltr\" data-wpcf7-id=\"22058\">\n<div class=\"screen-reader-response\"><p role=\"status\" aria-live=\"polite\" aria-atomic=\"true\"><\/p> <ul><\/ul><\/div>\n<form action=\"\/fr\/wp-json\/wp\/v2\/pages\/23213#wpcf7-f22058-o1\" method=\"post\" class=\"wpcf7-form init\" aria-label=\"Contact form\" enctype=\"multipart\/form-data\" novalidate=\"novalidate\" data-status=\"init\">\n<div style=\"display: none;\">\n<input type=\"hidden\" name=\"_wpcf7\" value=\"22058\" \/>\n<input type=\"hidden\" name=\"_wpcf7_version\" value=\"6.0.3\" \/>\n<input type=\"hidden\" name=\"_wpcf7_locale\" value=\"en_US\" \/>\n<input type=\"hidden\" name=\"_wpcf7_unit_tag\" value=\"wpcf7-f22058-o1\" \/>\n<input type=\"hidden\" name=\"_wpcf7_container_post\" value=\"0\" \/>\n<input type=\"hidden\" name=\"_wpcf7_posted_data_hash\" value=\"\" \/>\n<input type=\"hidden\" name=\"_wpcf7_recaptcha_response\" value=\"\" \/>\n<\/div>\n<div class=\"form-row\">\n\t<div class=\"form-col-half\">\n\t\t<p><label>Pr\u00e9nom* :<\/label><br \/>\n<span class=\"wpcf7-form-control-wrap\" data-name=\"prenom-1\"><input size=\"40\" maxlength=\"400\" class=\"wpcf7-form-control wpcf7-text wpcf7-validates-as-required\" aria-required=\"true\" aria-invalid=\"false\" value=\"\" type=\"text\" name=\"prenom-1\" \/><\/span>\n\t\t<\/p>\n\t<\/div>\n\t<div class=\"form-col-half\">\n\t\t<p><label>Nom* :<\/label><br \/>\n<span class=\"wpcf7-form-control-wrap\" data-name=\"nom-2\"><input size=\"40\" maxlength=\"400\" class=\"wpcf7-form-control wpcf7-text wpcf7-validates-as-required\" aria-required=\"true\" aria-invalid=\"false\" value=\"\" type=\"text\" name=\"nom-2\" \/><\/span>\n\t\t<\/p>\n\t<\/div>\n<\/div>\n<div class=\"form-row\">\n\t<div class=\"form-col-half\">\n\t\t<p><label>T\u00e9l\u00e9phone :<\/label><br \/>\n<span class=\"wpcf7-form-control-wrap\" data-name=\"tel-4\"><input size=\"40\" maxlength=\"400\" class=\"wpcf7-form-control wpcf7-tel wpcf7-text wpcf7-validates-as-tel\" aria-invalid=\"false\" value=\"\" type=\"tel\" name=\"tel-4\" \/><\/span>\n\t\t<\/p>\n\t<\/div>\n\t<div class=\"form-col-half\">\n\t\t<p><label for=\"\">Courriel* :<\/label><br \/>\n<span class=\"wpcf7-form-control-wrap\" data-name=\"email-3\"><input size=\"40\" maxlength=\"400\" class=\"wpcf7-form-control wpcf7-email wpcf7-validates-as-required wpcf7-text wpcf7-validates-as-email\" aria-required=\"true\" aria-invalid=\"false\" value=\"\" type=\"email\" name=\"email-3\" \/><\/span>\n\t\t<\/p>\n\t<\/div>\n<\/div>\n<div class=\"form-row\">\n\t<div class=\"form-col-full\">\n\t\t<p><label for=\"\">Message :<\/label><br \/>\n<span class=\"wpcf7-form-control-wrap\" data-name=\"message-5\"><textarea cols=\"40\" rows=\"10\" maxlength=\"2000\" class=\"wpcf7-form-control wpcf7-textarea\" aria-invalid=\"false\" name=\"message-5\"><\/textarea><\/span>\n\t\t<\/p>\n\t<\/div>\n<\/div>\n<div class=\"form-row\">\n\t<div class=\"form-col-half\">\n\t\t<p><label for=\"\">Joindre votre C.V.(pdf, doc, docx)* :<\/label><br \/>\n<span class=\"wpcf7-form-control-wrap\" data-name=\"file-for-cv\"><input size=\"40\" class=\"wpcf7-form-control wpcf7-file wpcf7-validates-as-required\" accept=\".pdf,.txt,.docx,.doc\" aria-required=\"true\" aria-invalid=\"false\" type=\"file\" name=\"file-for-cv\" \/><\/span>\n\t\t<\/p>\n\t<\/div>\n\t<div class=\"form-col-half\">\n\t\t<p><input class=\"wpcf7-form-control wpcf7-submit has-spinner\" type=\"submit\" value=\"Soumettre\" \/>\n\t\t<\/p>\n\t<\/div>\n<\/div><div class=\"wpcf7-response-output\" aria-hidden=\"true\"><\/div>\n<\/form>\n<\/div>\n[\/vc_column_inner][vc_column_inner offset=\u00a0\u00bbvc_col-lg-8 vc_col-md-10&Prime; css=\u00a0\u00bb.vc_custom_1686577207819{padding: 40px !important;}\u00a0\u00bb][vc_column_text]<\/p>\n<h2 class=\"text-footer-form\"><strong>La force du service Duret &amp; Landry :<br \/>\nune \u00e9quipe chevronn\u00e9e et disponible.<\/strong><\/h2>\n<p>[\/vc_column_text][\/vc_column_inner][\/vc_row_inner][\/vc_column][\/vc_row]<\/p>\n","protected":false},"excerpt":{"rendered":"<p>&#8230;<\/p>\n","protected":false},"author":12,"featured_media":0,"parent":0,"menu_order":0,"comment_status":"closed","ping_status":"closed","template":"","meta":{"inline_featured_image":false,"_monsterinsights_skip_tracking":false,"_monsterinsights_sitenote_active":false,"_monsterinsights_sitenote_note":"","_monsterinsights_sitenote_category":0,"footnotes":""},"class_list":["post-23213","page","type-page","status-publish","hentry"],"yoast_head":"<!-- This site is optimized with the Yoast SEO plugin v24.4 - https:\/\/yoast.com\/wordpress\/plugins\/seo\/ -->\n<title>Offre d&#039;emplois - Magasinier - Duret et Landry | Corghi Canada<\/title>\n<meta name=\"description\" content=\"Sous la supervision du directeur nationale des ventes, le directeur de comptes nationaux a comme principales fonctions la repr\u00e9sentation des \u00e9quipements d\u2019ateliers m\u00e9canique CORGHI-PASQUIN-HPA.\" \/>\n<meta name=\"robots\" content=\"index, follow, max-snippet:-1, max-image-preview:large, max-video-preview:-1\" \/>\n<link rel=\"canonical\" href=\"https:\/\/duretetlandry.ca\/fr\/offre-demplois-magasinier\/\" \/>\n<meta property=\"og:locale\" content=\"fr_FR\" \/>\n<meta property=\"og:type\" content=\"article\" \/>\n<meta property=\"og:title\" content=\"Offre d&#039;emplois - Magasinier - Duret et Landry | Corghi Canada\" \/>\n<meta property=\"og:description\" content=\"Sous la supervision du directeur nationale des ventes, le directeur de comptes nationaux a comme principales fonctions la repr\u00e9sentation des \u00e9quipements d\u2019ateliers m\u00e9canique CORGHI-PASQUIN-HPA.\" \/>\n<meta property=\"og:url\" content=\"https:\/\/duretetlandry.ca\/fr\/offre-demplois-magasinier\/\" \/>\n<meta property=\"og:site_name\" content=\"Duret et Landry | Corghi Canada\" \/>\n<meta name=\"twitter:card\" content=\"summary_large_image\" \/>\n<meta name=\"twitter:label1\" content=\"Dur\u00e9e de lecture estim\u00e9e\" \/>\n\t<meta name=\"twitter:data1\" content=\"2 minutes\" \/>\n<script type=\"application\/ld+json\" class=\"yoast-schema-graph\">{\"@context\":\"https:\/\/schema.org\",\"@graph\":[{\"@type\":\"WebPage\",\"@id\":\"https:\/\/duretetlandry.ca\/fr\/offre-demplois-magasinier\/\",\"url\":\"https:\/\/duretetlandry.ca\/fr\/offre-demplois-magasinier\/\",\"name\":\"Offre d'emplois - Magasinier - Duret et Landry | Corghi Canada\",\"isPartOf\":{\"@id\":\"https:\/\/duretetlandry.ca\/#website\"},\"datePublished\":\"2026-02-16T17:19:53+00:00\",\"description\":\"Sous la supervision du directeur nationale des ventes, le directeur de comptes nationaux a comme principales fonctions la repr\u00e9sentation des \u00e9quipements d\u2019ateliers m\u00e9canique CORGHI-PASQUIN-HPA.\",\"breadcrumb\":{\"@id\":\"https:\/\/duretetlandry.ca\/fr\/offre-demplois-magasinier\/#breadcrumb\"},\"inLanguage\":\"fr-FR\",\"potentialAction\":[{\"@type\":\"ReadAction\",\"target\":[\"https:\/\/duretetlandry.ca\/fr\/offre-demplois-magasinier\/\"]}]},{\"@type\":\"BreadcrumbList\",\"@id\":\"https:\/\/duretetlandry.ca\/fr\/offre-demplois-magasinier\/#breadcrumb\",\"itemListElement\":[{\"@type\":\"ListItem\",\"position\":1,\"name\":\"Home\",\"item\":\"https:\/\/duretetlandry.ca\/fr\/\"},{\"@type\":\"ListItem\",\"position\":2,\"name\":\"Offre d&#8217;emplois &#8211; Magasinier\"}]},{\"@type\":\"WebSite\",\"@id\":\"https:\/\/duretetlandry.ca\/#website\",\"url\":\"https:\/\/duretetlandry.ca\/\",\"name\":\"Duret et Landry | Corghi Canada\",\"description\":\"Official canadian distributor of Corghi, Pasquin and Paoli.\",\"potentialAction\":[{\"@type\":\"SearchAction\",\"target\":{\"@type\":\"EntryPoint\",\"urlTemplate\":\"https:\/\/duretetlandry.ca\/?s={search_term_string}\"},\"query-input\":{\"@type\":\"PropertyValueSpecification\",\"valueRequired\":true,\"valueName\":\"search_term_string\"}}],\"inLanguage\":\"fr-FR\"}]}<\/script>\n<!-- \/ Yoast SEO plugin. -->","yoast_head_json":{"title":"Offre d'emplois - Magasinier - Duret et Landry | Corghi Canada","description":"Sous la supervision du directeur nationale des ventes, le directeur de comptes nationaux a comme principales fonctions la repr\u00e9sentation des \u00e9quipements d\u2019ateliers m\u00e9canique CORGHI-PASQUIN-HPA.","robots":{"index":"index","follow":"follow","max-snippet":"max-snippet:-1","max-image-preview":"max-image-preview:large","max-video-preview":"max-video-preview:-1"},"canonical":"https:\/\/duretetlandry.ca\/fr\/offre-demplois-magasinier\/","og_locale":"fr_FR","og_type":"article","og_title":"Offre d'emplois - Magasinier - Duret et Landry | Corghi Canada","og_description":"Sous la supervision du directeur nationale des ventes, le directeur de comptes nationaux a comme principales fonctions la repr\u00e9sentation des \u00e9quipements d\u2019ateliers m\u00e9canique CORGHI-PASQUIN-HPA.","og_url":"https:\/\/duretetlandry.ca\/fr\/offre-demplois-magasinier\/","og_site_name":"Duret et Landry | Corghi Canada","twitter_card":"summary_large_image","twitter_misc":{"Dur\u00e9e de lecture estim\u00e9e":"2 minutes"},"schema":{"@context":"https:\/\/schema.org","@graph":[{"@type":"WebPage","@id":"https:\/\/duretetlandry.ca\/fr\/offre-demplois-magasinier\/","url":"https:\/\/duretetlandry.ca\/fr\/offre-demplois-magasinier\/","name":"Offre d'emplois - Magasinier - Duret et Landry | Corghi Canada","isPartOf":{"@id":"https:\/\/duretetlandry.ca\/#website"},"datePublished":"2026-02-16T17:19:53+00:00","description":"Sous la supervision du directeur nationale des ventes, le directeur de comptes nationaux a comme principales fonctions la repr\u00e9sentation des \u00e9quipements d\u2019ateliers m\u00e9canique CORGHI-PASQUIN-HPA.","breadcrumb":{"@id":"https:\/\/duretetlandry.ca\/fr\/offre-demplois-magasinier\/#breadcrumb"},"inLanguage":"fr-FR","potentialAction":[{"@type":"ReadAction","target":["https:\/\/duretetlandry.ca\/fr\/offre-demplois-magasinier\/"]}]},{"@type":"BreadcrumbList","@id":"https:\/\/duretetlandry.ca\/fr\/offre-demplois-magasinier\/#breadcrumb","itemListElement":[{"@type":"ListItem","position":1,"name":"Home","item":"https:\/\/duretetlandry.ca\/fr\/"},{"@type":"ListItem","position":2,"name":"Offre d&#8217;emplois &#8211; Magasinier"}]},{"@type":"WebSite","@id":"https:\/\/duretetlandry.ca\/#website","url":"https:\/\/duretetlandry.ca\/","name":"Duret et Landry | Corghi Canada","description":"Official canadian distributor of Corghi, Pasquin and Paoli.","potentialAction":[{"@type":"SearchAction","target":{"@type":"EntryPoint","urlTemplate":"https:\/\/duretetlandry.ca\/?s={search_term_string}"},"query-input":{"@type":"PropertyValueSpecification","valueRequired":true,"valueName":"search_term_string"}}],"inLanguage":"fr-FR"}]}},"_links":{"self":[{"href":"https:\/\/duretetlandry.ca\/fr\/wp-json\/wp\/v2\/pages\/23213","targetHints":{"allow":["GET"]}}],"collection":[{"href":"https:\/\/duretetlandry.ca\/fr\/wp-json\/wp\/v2\/pages"}],"about":[{"href":"https:\/\/duretetlandry.ca\/fr\/wp-json\/wp\/v2\/types\/page"}],"author":[{"embeddable":true,"href":"https:\/\/duretetlandry.ca\/fr\/wp-json\/wp\/v2\/users\/12"}],"replies":[{"embeddable":true,"href":"https:\/\/duretetlandry.ca\/fr\/wp-json\/wp\/v2\/comments?post=23213"}],"version-history":[{"count":1,"href":"https:\/\/duretetlandry.ca\/fr\/wp-json\/wp\/v2\/pages\/23213\/revisions"}],"predecessor-version":[{"id":23214,"href":"https:\/\/duretetlandry.ca\/fr\/wp-json\/wp\/v2\/pages\/23213\/revisions\/23214"}],"wp:attachment":[{"href":"https:\/\/duretetlandry.ca\/fr\/wp-json\/wp\/v2\/media?parent=23213"}],"curies":[{"name":"wp","href":"https:\/\/api.w.org\/{rel}","templated":true}]}}