{"id":19878,"date":"1800-01-01T12:01:13","date_gmt":"1800-01-01T12:01:13","guid":{"rendered":"http:\/\/duretetlandry.com\/product\/corghi-eye-light"},"modified":"2019-03-12T13:51:33","modified_gmt":"2019-03-12T13:51:33","slug":"corghi-eye-light","status":"publish","type":"product","link":"https:\/\/duretetlandry.ca\/fr\/shop\/corghi-eye-light\/","title":{"rendered":"CORGHI EYE LIGHT"},"content":{"rendered":"<table cellspacing=\"0\" cellpadding=\"0\">\n<tbody>\n<tr>\n<td valign=\"top\">Vitesse d\u2019\u00e9quilibrage<\/td>\n<td valign=\"top\">75 &#8211; 85 &#8211; 98 rpm<\/td>\n<\/tr>\n<tr>\n<td valign=\"top\">Pr\u00e9cision<\/td>\n<td valign=\"top\">1g &#8211; 5g (0.04 &#8211; 0.18 oz)<\/td>\n<\/tr>\n<tr>\n<td valign=\"top\">Cycle de lancement<\/td>\n<td valign=\"top\">8 sec<\/td>\n<\/tr>\n<tr>\n<td valign=\"top\">Largeur jante r\u00e9glable<\/td>\n<td valign=\"top\">1.5\u201d \u00e0 20\u201d<\/td>\n<\/tr>\n<tr>\n<td valign=\"top\">Diam\u00e8tre jante r\u00e9glable<\/td>\n<td valign=\"top\">11\u201d \u00e0 32\u201d<\/td>\n<\/tr>\n<tr>\n<td valign=\"top\">Largeur max. du pneu<\/td>\n<td valign=\"top\">23.5\u201d<\/td>\n<\/tr>\n<tr>\n<td valign=\"top\">Diam\u00e8tre max. du pneu<\/td>\n<td valign=\"top\">44\u201d<\/td>\n<\/tr>\n<tr>\n<td valign=\"top\">Poids max. de la roue<\/td>\n<td valign=\"top\">165lbs<\/td>\n<\/tr>\n<tr>\n<td valign=\"top\">Diam\u00e8tre arbre<\/td>\n<td valign=\"top\">40mm<\/td>\n<\/tr>\n<tr>\n<td valign=\"top\">Alimentation \u00e9lectrique<\/td>\n<td valign=\"top\">120 V, 50-60 Hz \/<br \/>\n240 VAC, 1 PH, 50-60 Hz<\/td>\n<\/tr>\n<\/tbody>\n<\/table>\n","protected":false},"excerpt":{"rendered":"<p><i>EYE light<\/i><\/p>\n<p><a href=\"https:\/\/duretetlandry.ca\/wp-content\/uploads\/2015\/07\/EYE_LIGHT_fr-deweb.pdf\"><img decoding=\"async\" class=\"alignnone wp-image-19829 size-full lazyload\" data-src=\"https:\/\/duretetlandry.ca\/wp-content\/uploads\/2015\/07\/bouton-PDF-fr.jpg\" alt=\"bouton-PDF-fr\" width=\"131\" height=\"36\" src=\"data:image\/svg+xml;base64,PHN2ZyB3aWR0aD0iMSIgaGVpZ2h0PSIxIiB4bWxucz0iaHR0cDovL3d3dy53My5vcmcvMjAwMC9zdmciPjwvc3ZnPg==\" style=\"--smush-placeholder-width: 131px; --smush-placeholder-aspect-ratio: 131\/36;\" \/><\/a><br \/>\n[vc_column][vc_video popup=\u00a0\u00bbno\u00a0\u00bb link=\u00a0\u00bbhttps:\/\/youtu.be\/S6Pf0P-fVx8&Prime;][\/vc_column]<\/p>\n<p>L&#039;\u00e9quilibreuse de pneu Corghi EYE Light diagnostic avec la technologie blue-light de seconde g\u00e9n\u00e9ration pour les roues d\u2019autos et de camions jusqu\u2019\u00e0 32\u201d et 165 livres. Cette \u00e9quilibreuse offre un \u00e9cran tactile facile d\u2019utilisation ainsi qu\u2019un serrage \u00e9lectronique pour lecture rapide, pr\u00e9cise et fiable.<\/p>\n","protected":false},"featured_media":19879,"template":"","meta":{"inline_featured_image":false,"_monsterinsights_skip_tracking":false,"_monsterinsights_sitenote_active":false,"_monsterinsights_sitenote_note":"","_monsterinsights_sitenote_category":0},"product_brand":[],"product_cat":[33],"product_tag":[],"class_list":{"0":"post-19878","1":"product","2":"type-product","3":"status-publish","4":"has-post-thumbnail","6":"product_cat-equilibreuses","8":"first","9":"instock","10":"taxable","11":"shipping-taxable","12":"product-type-simple"},"yoast_head":"<!-- This site is optimized with the Yoast SEO plugin v27.5 - https:\/\/yoast.com\/product\/yoast-seo-wordpress\/ -->\n<title>CORGHI EYE LIGHT - Duret et Landry | Corghi Canada<\/title>\n<meta name=\"robots\" content=\"index, follow, max-snippet:-1, max-image-preview:large, max-video-preview:-1\" \/>\n<link rel=\"canonical\" href=\"https:\/\/duretetlandry.ca\/fr\/shop\/corghi-eye-light\/\" \/>\n<meta property=\"og:locale\" content=\"fr_FR\" \/>\n<meta property=\"og:type\" content=\"article\" \/>\n<meta property=\"og:title\" content=\"CORGHI EYE LIGHT - Duret et Landry | Corghi Canada\" \/>\n<meta property=\"og:description\" content=\"EYE light   [vc_column][vc_video popup=&quot;no&quot; link=&quot;https:\/\/youtu.be\/S6Pf0P-fVx8&quot;][\/vc_column]  L&#039;\u00e9quilibreuse de pneu Corghi EYE Light diagnostic avec la technologie blue-light de seconde g\u00e9n\u00e9ration pour les roues d\u2019autos et de camions jusqu\u2019\u00e0 32\u201d et 165 livres. Cette \u00e9quilibreuse offre un \u00e9cran tactile facile d\u2019utilisation ainsi qu\u2019un serrage \u00e9lectronique pour lecture rapide, pr\u00e9cise et fiable.\" \/>\n<meta property=\"og:url\" content=\"https:\/\/duretetlandry.ca\/fr\/shop\/corghi-eye-light\/\" \/>\n<meta property=\"og:site_name\" content=\"Duret et Landry | Corghi Canada\" \/>\n<meta property=\"article:modified_time\" content=\"2019-03-12T13:51:33+00:00\" \/>\n<meta property=\"og:image\" content=\"https:\/\/duretetlandry.ca\/wp-content\/uploads\/2015\/07\/EyeLight.jpg\" \/>\n\t<meta property=\"og:image:width\" content=\"800\" \/>\n\t<meta property=\"og:image:height\" content=\"800\" \/>\n\t<meta property=\"og:image:type\" content=\"image\/jpeg\" \/>\n<meta name=\"twitter:card\" content=\"summary_large_image\" \/>\n<script type=\"application\/ld+json\" class=\"yoast-schema-graph\">{\"@context\":\"https:\\\/\\\/schema.org\",\"@graph\":[{\"@type\":\"WebPage\",\"@id\":\"https:\\\/\\\/duretetlandry.ca\\\/fr\\\/shop\\\/corghi-eye-light\\\/\",\"url\":\"https:\\\/\\\/duretetlandry.ca\\\/fr\\\/shop\\\/corghi-eye-light\\\/\",\"name\":\"CORGHI EYE LIGHT - Duret et Landry | Corghi Canada\",\"isPartOf\":{\"@id\":\"https:\\\/\\\/duretetlandry.ca\\\/#website\"},\"primaryImageOfPage\":{\"@id\":\"https:\\\/\\\/duretetlandry.ca\\\/fr\\\/shop\\\/corghi-eye-light\\\/#primaryimage\"},\"image\":{\"@id\":\"https:\\\/\\\/duretetlandry.ca\\\/fr\\\/shop\\\/corghi-eye-light\\\/#primaryimage\"},\"thumbnailUrl\":\"https:\\\/\\\/duretetlandry.ca\\\/wp-content\\\/uploads\\\/2015\\\/07\\\/EyeLight.jpg\",\"datePublished\":\"1800-01-01T12:01:13+00:00\",\"dateModified\":\"2019-03-12T13:51:33+00:00\",\"breadcrumb\":{\"@id\":\"https:\\\/\\\/duretetlandry.ca\\\/fr\\\/shop\\\/corghi-eye-light\\\/#breadcrumb\"},\"inLanguage\":\"fr-FR\",\"potentialAction\":[{\"@type\":\"ReadAction\",\"target\":[\"https:\\\/\\\/duretetlandry.ca\\\/fr\\\/shop\\\/corghi-eye-light\\\/\"]}]},{\"@type\":\"ImageObject\",\"inLanguage\":\"fr-FR\",\"@id\":\"https:\\\/\\\/duretetlandry.ca\\\/fr\\\/shop\\\/corghi-eye-light\\\/#primaryimage\",\"url\":\"https:\\\/\\\/duretetlandry.ca\\\/wp-content\\\/uploads\\\/2015\\\/07\\\/EyeLight.jpg\",\"contentUrl\":\"https:\\\/\\\/duretetlandry.ca\\\/wp-content\\\/uploads\\\/2015\\\/07\\\/EyeLight.jpg\",\"width\":800,\"height\":800},{\"@type\":\"BreadcrumbList\",\"@id\":\"https:\\\/\\\/duretetlandry.ca\\\/fr\\\/shop\\\/corghi-eye-light\\\/#breadcrumb\",\"itemListElement\":[{\"@type\":\"ListItem\",\"position\":1,\"name\":\"Home\",\"item\":\"https:\\\/\\\/duretetlandry.ca\\\/fr\\\/\"},{\"@type\":\"ListItem\",\"position\":2,\"name\":\"Shop\",\"item\":\"https:\\\/\\\/duretetlandry.ca\\\/shop\\\/\"},{\"@type\":\"ListItem\",\"position\":3,\"name\":\"CORGHI EYE LIGHT\"}]},{\"@type\":\"WebSite\",\"@id\":\"https:\\\/\\\/duretetlandry.ca\\\/#website\",\"url\":\"https:\\\/\\\/duretetlandry.ca\\\/\",\"name\":\"Duret et Landry | Corghi Canada\",\"description\":\"Official canadian distributor of Corghi, Pasquin and Paoli.\",\"potentialAction\":[{\"@type\":\"SearchAction\",\"target\":{\"@type\":\"EntryPoint\",\"urlTemplate\":\"https:\\\/\\\/duretetlandry.ca\\\/?s={search_term_string}\"},\"query-input\":{\"@type\":\"PropertyValueSpecification\",\"valueRequired\":true,\"valueName\":\"search_term_string\"}}],\"inLanguage\":\"fr-FR\"}]}<\/script>\n<!-- \/ Yoast SEO plugin. -->","yoast_head_json":{"title":"CORGHI EYE LIGHT - Duret et Landry | Corghi Canada","robots":{"index":"index","follow":"follow","max-snippet":"max-snippet:-1","max-image-preview":"max-image-preview:large","max-video-preview":"max-video-preview:-1"},"canonical":"https:\/\/duretetlandry.ca\/fr\/shop\/corghi-eye-light\/","og_locale":"fr_FR","og_type":"article","og_title":"CORGHI EYE LIGHT - Duret et Landry | Corghi Canada","og_description":"EYE light   [vc_column][vc_video popup=\"no\" link=\"https:\/\/youtu.be\/S6Pf0P-fVx8\"][\/vc_column]  L&#039;\u00e9quilibreuse de pneu Corghi EYE Light diagnostic avec la technologie blue-light de seconde g\u00e9n\u00e9ration pour les roues d\u2019autos et de camions jusqu\u2019\u00e0 32\u201d et 165 livres. Cette \u00e9quilibreuse offre un \u00e9cran tactile facile d\u2019utilisation ainsi qu\u2019un serrage \u00e9lectronique pour lecture rapide, pr\u00e9cise et fiable.","og_url":"https:\/\/duretetlandry.ca\/fr\/shop\/corghi-eye-light\/","og_site_name":"Duret et Landry | Corghi Canada","article_modified_time":"2019-03-12T13:51:33+00:00","og_image":[{"width":800,"height":800,"url":"https:\/\/duretetlandry.ca\/wp-content\/uploads\/2015\/07\/EyeLight.jpg","type":"image\/jpeg"}],"twitter_card":"summary_large_image","schema":{"@context":"https:\/\/schema.org","@graph":[{"@type":"WebPage","@id":"https:\/\/duretetlandry.ca\/fr\/shop\/corghi-eye-light\/","url":"https:\/\/duretetlandry.ca\/fr\/shop\/corghi-eye-light\/","name":"CORGHI EYE LIGHT - Duret et Landry | Corghi Canada","isPartOf":{"@id":"https:\/\/duretetlandry.ca\/#website"},"primaryImageOfPage":{"@id":"https:\/\/duretetlandry.ca\/fr\/shop\/corghi-eye-light\/#primaryimage"},"image":{"@id":"https:\/\/duretetlandry.ca\/fr\/shop\/corghi-eye-light\/#primaryimage"},"thumbnailUrl":"https:\/\/duretetlandry.ca\/wp-content\/uploads\/2015\/07\/EyeLight.jpg","datePublished":"1800-01-01T12:01:13+00:00","dateModified":"2019-03-12T13:51:33+00:00","breadcrumb":{"@id":"https:\/\/duretetlandry.ca\/fr\/shop\/corghi-eye-light\/#breadcrumb"},"inLanguage":"fr-FR","potentialAction":[{"@type":"ReadAction","target":["https:\/\/duretetlandry.ca\/fr\/shop\/corghi-eye-light\/"]}]},{"@type":"ImageObject","inLanguage":"fr-FR","@id":"https:\/\/duretetlandry.ca\/fr\/shop\/corghi-eye-light\/#primaryimage","url":"https:\/\/duretetlandry.ca\/wp-content\/uploads\/2015\/07\/EyeLight.jpg","contentUrl":"https:\/\/duretetlandry.ca\/wp-content\/uploads\/2015\/07\/EyeLight.jpg","width":800,"height":800},{"@type":"BreadcrumbList","@id":"https:\/\/duretetlandry.ca\/fr\/shop\/corghi-eye-light\/#breadcrumb","itemListElement":[{"@type":"ListItem","position":1,"name":"Home","item":"https:\/\/duretetlandry.ca\/fr\/"},{"@type":"ListItem","position":2,"name":"Shop","item":"https:\/\/duretetlandry.ca\/shop\/"},{"@type":"ListItem","position":3,"name":"CORGHI EYE LIGHT"}]},{"@type":"WebSite","@id":"https:\/\/duretetlandry.ca\/#website","url":"https:\/\/duretetlandry.ca\/","name":"Duret et Landry | Corghi Canada","description":"Official canadian distributor of Corghi, Pasquin and Paoli.","potentialAction":[{"@type":"SearchAction","target":{"@type":"EntryPoint","urlTemplate":"https:\/\/duretetlandry.ca\/?s={search_term_string}"},"query-input":{"@type":"PropertyValueSpecification","valueRequired":true,"valueName":"search_term_string"}}],"inLanguage":"fr-FR"}]}},"_links":{"self":[{"href":"https:\/\/duretetlandry.ca\/fr\/wp-json\/wp\/v2\/product\/19878","targetHints":{"allow":["GET"]}}],"collection":[{"href":"https:\/\/duretetlandry.ca\/fr\/wp-json\/wp\/v2\/product"}],"about":[{"href":"https:\/\/duretetlandry.ca\/fr\/wp-json\/wp\/v2\/types\/product"}],"wp:featuredmedia":[{"embeddable":true,"href":"https:\/\/duretetlandry.ca\/fr\/wp-json\/wp\/v2\/media\/19879"}],"wp:attachment":[{"href":"https:\/\/duretetlandry.ca\/fr\/wp-json\/wp\/v2\/media?parent=19878"}],"wp:term":[{"taxonomy":"product_brand","embeddable":true,"href":"https:\/\/duretetlandry.ca\/fr\/wp-json\/wp\/v2\/product_brand?post=19878"},{"taxonomy":"product_cat","embeddable":true,"href":"https:\/\/duretetlandry.ca\/fr\/wp-json\/wp\/v2\/product_cat?post=19878"},{"taxonomy":"product_tag","embeddable":true,"href":"https:\/\/duretetlandry.ca\/fr\/wp-json\/wp\/v2\/product_tag?post=19878"}],"curies":[{"name":"wp","href":"https:\/\/api.w.org\/{rel}","templated":true}]}}