{"id":19894,"date":"1809-01-01T12:09:59","date_gmt":"1809-01-01T12:09:59","guid":{"rendered":"http:\/\/duretetlandry.com\/product\/corghi-proline-650"},"modified":"2021-02-09T21:35:16","modified_gmt":"2021-02-09T21:35:16","slug":"corghi-proline-650","status":"publish","type":"product","link":"https:\/\/duretetlandry.ca\/fr\/shop\/corghi-proline-650\/","title":{"rendered":"CORGHI PROLINE 650"},"content":{"rendered":"<table cellspacing=\"0\" cellpadding=\"0\">\n<tbody>\n<tr>\n<td valign=\"top\">Largeur max. du pneu<\/td>\n<td valign=\"top\">22.8\u201d<\/td>\n<\/tr>\n<tr>\n<td valign=\"top\">Diam\u00e8tre max. du pneu<\/td>\n<td valign=\"top\">43.7\u201d<\/td>\n<\/tr>\n<tr>\n<td valign=\"top\">Diam\u00e8tre max. de roue<\/td>\n<td valign=\"top\">26\u00a0\u00bb<\/td>\n<\/tr>\n<tr>\n<td valign=\"top\">Poids max. du pneu<\/td>\n<td valign=\"top\">150 lbs<\/td>\n<\/tr>\n<tr>\n<td valign=\"top\">Diam\u00e8tre arbre<\/td>\n<td valign=\"top\">40 mm<\/td>\n<\/tr>\n<tr>\n<td valign=\"top\">Couvercle de protection<\/td>\n<td valign=\"top\">Option<\/td>\n<\/tr>\n<\/tbody>\n<\/table>\n","protected":false},"excerpt":{"rendered":"<h3><i>proline 650<\/i><\/h3>\n<p><a href=\"https:\/\/duretetlandry.ca\/wp-content\/uploads\/2015\/07\/Proline650_fr_deweb.pdf\"><img decoding=\"async\" class=\"alignnone wp-image-19829 size-full lazyload\" data-src=\"https:\/\/duretetlandry.ca\/wp-content\/uploads\/2015\/07\/bouton-PDF-fr.jpg\" alt=\"bouton-PDF-fr\" width=\"131\" height=\"36\" src=\"data:image\/svg+xml;base64,PHN2ZyB3aWR0aD0iMSIgaGVpZ2h0PSIxIiB4bWxucz0iaHR0cDovL3d3dy53My5vcmcvMjAwMC9zdmciPjwvc3ZnPg==\" style=\"--smush-placeholder-width: 131px; --smush-placeholder-aspect-ratio: 131\/36;\" \/><\/a><\/p>\n<p>\u00c9quilibreuse avec \u00e9cran num\u00e9rique, cycle enti\u00e8rement automatis\u00e9, logiciel op\u00e9rant sur tous les types de roues en acier, alliage l\u00e9ger de voitures, tout-terrain, utilitaires l\u00e9gers, motocycles et scooters.<\/p>\n","protected":false},"featured_media":19895,"template":"","meta":{"inline_featured_image":false,"_monsterinsights_skip_tracking":false,"_monsterinsights_sitenote_active":false,"_monsterinsights_sitenote_note":"","_monsterinsights_sitenote_category":0},"product_brand":[],"product_cat":[33],"product_tag":[],"class_list":{"0":"post-19894","1":"product","2":"type-product","3":"status-publish","4":"has-post-thumbnail","6":"product_cat-equilibreuses","8":"first","9":"instock","10":"taxable","11":"shipping-taxable","12":"product-type-simple"},"yoast_head":"<!-- This site is optimized with the Yoast SEO plugin v27.5 - https:\/\/yoast.com\/product\/yoast-seo-wordpress\/ -->\n<title>CORGHI PROLINE 650 - Duret et Landry | Corghi Canada<\/title>\n<meta name=\"robots\" content=\"index, follow, max-snippet:-1, max-image-preview:large, max-video-preview:-1\" \/>\n<link rel=\"canonical\" href=\"https:\/\/duretetlandry.ca\/fr\/shop\/corghi-proline-650\/\" \/>\n<meta property=\"og:locale\" content=\"fr_FR\" \/>\n<meta property=\"og:type\" content=\"article\" \/>\n<meta property=\"og:title\" content=\"CORGHI PROLINE 650 - Duret et Landry | Corghi Canada\" \/>\n<meta property=\"og:description\" content=\"proline 650   \u00c9quilibreuse avec \u00e9cran num\u00e9rique, cycle enti\u00e8rement automatis\u00e9, logiciel op\u00e9rant sur tous les types de roues en acier, alliage l\u00e9ger de voitures, tout-terrain, utilitaires l\u00e9gers, motocycles et scooters.\" \/>\n<meta property=\"og:url\" content=\"https:\/\/duretetlandry.ca\/fr\/shop\/corghi-proline-650\/\" \/>\n<meta property=\"og:site_name\" content=\"Duret et Landry | Corghi Canada\" \/>\n<meta property=\"article:modified_time\" content=\"2021-02-09T21:35:16+00:00\" \/>\n<meta property=\"og:image\" content=\"https:\/\/duretetlandry.ca\/wp-content\/uploads\/2015\/07\/Proline-650-fronte.jpg\" \/>\n\t<meta property=\"og:image:width\" content=\"800\" \/>\n\t<meta property=\"og:image:height\" content=\"800\" \/>\n\t<meta property=\"og:image:type\" content=\"image\/jpeg\" \/>\n<meta name=\"twitter:card\" content=\"summary_large_image\" \/>\n<script type=\"application\/ld+json\" class=\"yoast-schema-graph\">{\"@context\":\"https:\\\/\\\/schema.org\",\"@graph\":[{\"@type\":\"WebPage\",\"@id\":\"https:\\\/\\\/duretetlandry.ca\\\/fr\\\/shop\\\/corghi-proline-650\\\/\",\"url\":\"https:\\\/\\\/duretetlandry.ca\\\/fr\\\/shop\\\/corghi-proline-650\\\/\",\"name\":\"CORGHI PROLINE 650 - Duret et Landry | Corghi Canada\",\"isPartOf\":{\"@id\":\"https:\\\/\\\/duretetlandry.ca\\\/#website\"},\"primaryImageOfPage\":{\"@id\":\"https:\\\/\\\/duretetlandry.ca\\\/fr\\\/shop\\\/corghi-proline-650\\\/#primaryimage\"},\"image\":{\"@id\":\"https:\\\/\\\/duretetlandry.ca\\\/fr\\\/shop\\\/corghi-proline-650\\\/#primaryimage\"},\"thumbnailUrl\":\"https:\\\/\\\/duretetlandry.ca\\\/wp-content\\\/uploads\\\/2015\\\/07\\\/Proline-650-fronte.jpg\",\"datePublished\":\"1809-01-01T12:09:59+00:00\",\"dateModified\":\"2021-02-09T21:35:16+00:00\",\"breadcrumb\":{\"@id\":\"https:\\\/\\\/duretetlandry.ca\\\/fr\\\/shop\\\/corghi-proline-650\\\/#breadcrumb\"},\"inLanguage\":\"fr-FR\",\"potentialAction\":[{\"@type\":\"ReadAction\",\"target\":[\"https:\\\/\\\/duretetlandry.ca\\\/fr\\\/shop\\\/corghi-proline-650\\\/\"]}]},{\"@type\":\"ImageObject\",\"inLanguage\":\"fr-FR\",\"@id\":\"https:\\\/\\\/duretetlandry.ca\\\/fr\\\/shop\\\/corghi-proline-650\\\/#primaryimage\",\"url\":\"https:\\\/\\\/duretetlandry.ca\\\/wp-content\\\/uploads\\\/2015\\\/07\\\/Proline-650-fronte.jpg\",\"contentUrl\":\"https:\\\/\\\/duretetlandry.ca\\\/wp-content\\\/uploads\\\/2015\\\/07\\\/Proline-650-fronte.jpg\",\"width\":800,\"height\":800},{\"@type\":\"BreadcrumbList\",\"@id\":\"https:\\\/\\\/duretetlandry.ca\\\/fr\\\/shop\\\/corghi-proline-650\\\/#breadcrumb\",\"itemListElement\":[{\"@type\":\"ListItem\",\"position\":1,\"name\":\"Home\",\"item\":\"https:\\\/\\\/duretetlandry.ca\\\/fr\\\/\"},{\"@type\":\"ListItem\",\"position\":2,\"name\":\"Shop\",\"item\":\"https:\\\/\\\/duretetlandry.ca\\\/shop\\\/\"},{\"@type\":\"ListItem\",\"position\":3,\"name\":\"CORGHI PROLINE 650\"}]},{\"@type\":\"WebSite\",\"@id\":\"https:\\\/\\\/duretetlandry.ca\\\/#website\",\"url\":\"https:\\\/\\\/duretetlandry.ca\\\/\",\"name\":\"Duret et Landry | Corghi Canada\",\"description\":\"Official canadian distributor of Corghi, Pasquin and Paoli.\",\"potentialAction\":[{\"@type\":\"SearchAction\",\"target\":{\"@type\":\"EntryPoint\",\"urlTemplate\":\"https:\\\/\\\/duretetlandry.ca\\\/?s={search_term_string}\"},\"query-input\":{\"@type\":\"PropertyValueSpecification\",\"valueRequired\":true,\"valueName\":\"search_term_string\"}}],\"inLanguage\":\"fr-FR\"}]}<\/script>\n<!-- \/ Yoast SEO plugin. -->","yoast_head_json":{"title":"CORGHI PROLINE 650 - Duret et Landry | Corghi Canada","robots":{"index":"index","follow":"follow","max-snippet":"max-snippet:-1","max-image-preview":"max-image-preview:large","max-video-preview":"max-video-preview:-1"},"canonical":"https:\/\/duretetlandry.ca\/fr\/shop\/corghi-proline-650\/","og_locale":"fr_FR","og_type":"article","og_title":"CORGHI PROLINE 650 - Duret et Landry | Corghi Canada","og_description":"proline 650   \u00c9quilibreuse avec \u00e9cran num\u00e9rique, cycle enti\u00e8rement automatis\u00e9, logiciel op\u00e9rant sur tous les types de roues en acier, alliage l\u00e9ger de voitures, tout-terrain, utilitaires l\u00e9gers, motocycles et scooters.","og_url":"https:\/\/duretetlandry.ca\/fr\/shop\/corghi-proline-650\/","og_site_name":"Duret et Landry | Corghi Canada","article_modified_time":"2021-02-09T21:35:16+00:00","og_image":[{"width":800,"height":800,"url":"https:\/\/duretetlandry.ca\/wp-content\/uploads\/2015\/07\/Proline-650-fronte.jpg","type":"image\/jpeg"}],"twitter_card":"summary_large_image","schema":{"@context":"https:\/\/schema.org","@graph":[{"@type":"WebPage","@id":"https:\/\/duretetlandry.ca\/fr\/shop\/corghi-proline-650\/","url":"https:\/\/duretetlandry.ca\/fr\/shop\/corghi-proline-650\/","name":"CORGHI PROLINE 650 - Duret et Landry | Corghi Canada","isPartOf":{"@id":"https:\/\/duretetlandry.ca\/#website"},"primaryImageOfPage":{"@id":"https:\/\/duretetlandry.ca\/fr\/shop\/corghi-proline-650\/#primaryimage"},"image":{"@id":"https:\/\/duretetlandry.ca\/fr\/shop\/corghi-proline-650\/#primaryimage"},"thumbnailUrl":"https:\/\/duretetlandry.ca\/wp-content\/uploads\/2015\/07\/Proline-650-fronte.jpg","datePublished":"1809-01-01T12:09:59+00:00","dateModified":"2021-02-09T21:35:16+00:00","breadcrumb":{"@id":"https:\/\/duretetlandry.ca\/fr\/shop\/corghi-proline-650\/#breadcrumb"},"inLanguage":"fr-FR","potentialAction":[{"@type":"ReadAction","target":["https:\/\/duretetlandry.ca\/fr\/shop\/corghi-proline-650\/"]}]},{"@type":"ImageObject","inLanguage":"fr-FR","@id":"https:\/\/duretetlandry.ca\/fr\/shop\/corghi-proline-650\/#primaryimage","url":"https:\/\/duretetlandry.ca\/wp-content\/uploads\/2015\/07\/Proline-650-fronte.jpg","contentUrl":"https:\/\/duretetlandry.ca\/wp-content\/uploads\/2015\/07\/Proline-650-fronte.jpg","width":800,"height":800},{"@type":"BreadcrumbList","@id":"https:\/\/duretetlandry.ca\/fr\/shop\/corghi-proline-650\/#breadcrumb","itemListElement":[{"@type":"ListItem","position":1,"name":"Home","item":"https:\/\/duretetlandry.ca\/fr\/"},{"@type":"ListItem","position":2,"name":"Shop","item":"https:\/\/duretetlandry.ca\/shop\/"},{"@type":"ListItem","position":3,"name":"CORGHI PROLINE 650"}]},{"@type":"WebSite","@id":"https:\/\/duretetlandry.ca\/#website","url":"https:\/\/duretetlandry.ca\/","name":"Duret et Landry | Corghi Canada","description":"Official canadian distributor of Corghi, Pasquin and Paoli.","potentialAction":[{"@type":"SearchAction","target":{"@type":"EntryPoint","urlTemplate":"https:\/\/duretetlandry.ca\/?s={search_term_string}"},"query-input":{"@type":"PropertyValueSpecification","valueRequired":true,"valueName":"search_term_string"}}],"inLanguage":"fr-FR"}]}},"_links":{"self":[{"href":"https:\/\/duretetlandry.ca\/fr\/wp-json\/wp\/v2\/product\/19894","targetHints":{"allow":["GET"]}}],"collection":[{"href":"https:\/\/duretetlandry.ca\/fr\/wp-json\/wp\/v2\/product"}],"about":[{"href":"https:\/\/duretetlandry.ca\/fr\/wp-json\/wp\/v2\/types\/product"}],"wp:featuredmedia":[{"embeddable":true,"href":"https:\/\/duretetlandry.ca\/fr\/wp-json\/wp\/v2\/media\/19895"}],"wp:attachment":[{"href":"https:\/\/duretetlandry.ca\/fr\/wp-json\/wp\/v2\/media?parent=19894"}],"wp:term":[{"taxonomy":"product_brand","embeddable":true,"href":"https:\/\/duretetlandry.ca\/fr\/wp-json\/wp\/v2\/product_brand?post=19894"},{"taxonomy":"product_cat","embeddable":true,"href":"https:\/\/duretetlandry.ca\/fr\/wp-json\/wp\/v2\/product_cat?post=19894"},{"taxonomy":"product_tag","embeddable":true,"href":"https:\/\/duretetlandry.ca\/fr\/wp-json\/wp\/v2\/product_tag?post=19894"}],"curies":[{"name":"wp","href":"https:\/\/api.w.org\/{rel}","templated":true}]}}